{"id":3407,"date":"2026-04-11T16:37:22","date_gmt":"2026-04-11T19:37:22","guid":{"rendered":"https:\/\/www.lacasauruguaya.com\/?page_id=3407"},"modified":"2026-04-11T17:48:03","modified_gmt":"2026-04-11T20:48:03","slug":"tu-casa","status":"publish","type":"page","link":"https:\/\/www.lacasauruguaya.com\/en\/tu-casa\/","title":{"rendered":"Tu casa"},"content":{"rendered":"\t\t<div data-elementor-type=\"wp-page\" data-elementor-id=\"3407\" class=\"elementor elementor-3407\">\n\t\t\t\t\t\t<section class=\"elementor-section elementor-top-section elementor-element elementor-element-7bf10356 elementor-section-boxed elementor-section-height-default elementor-section-height-default\" data-id=\"7bf10356\" data-element_type=\"section\" data-e-type=\"section\">\n\t\t\t\t\t\t<div class=\"elementor-container elementor-column-gap-default\">\n\t\t\t\t\t<div class=\"elementor-column elementor-col-100 elementor-top-column elementor-element elementor-element-4374fbc4\" data-id=\"4374fbc4\" data-element_type=\"column\" data-e-type=\"column\">\n\t\t\t<div class=\"elementor-widget-wrap elementor-element-populated\">\n\t\t\t\t\t\t<div class=\"elementor-element elementor-element-68fba056 elementor-widget elementor-widget-text-editor\" data-id=\"68fba056\" data-element_type=\"widget\" data-e-type=\"widget\" data-widget_type=\"text-editor.default\">\n\t\t\t\t<div class=\"elementor-widget-container\">\n\t\t\t\t\t\t\t\t\t\t\t\t\t\t\t\t\t<\/div>\n\t\t\t\t<\/div>\n\t\t\t\t\t<\/div>\n\t\t<\/div>\n\t\t\t\t\t<\/div>\n\t\t<\/section>\n\t\t\t\t<section class=\"elementor-section elementor-top-section elementor-element elementor-element-c2c0bbe elementor-section-boxed elementor-section-height-default elementor-section-height-default\" data-id=\"c2c0bbe\" data-element_type=\"section\" data-e-type=\"section\">\n\t\t\t\t\t\t<div class=\"elementor-container elementor-column-gap-default\">\n\t\t\t\t\t<div class=\"elementor-column elementor-col-100 elementor-top-column elementor-element elementor-element-b3da883\" data-id=\"b3da883\" data-element_type=\"column\" data-e-type=\"column\">\n\t\t\t<div class=\"elementor-widget-wrap elementor-element-populated\">\n\t\t\t\t\t\t<div class=\"elementor-element elementor-element-fe1dcfd elementor-widget elementor-widget-image\" data-id=\"fe1dcfd\" data-element_type=\"widget\" data-e-type=\"widget\" data-widget_type=\"image.default\">\n\t\t\t\t<div class=\"elementor-widget-container\">\n\t\t\t\t\t\t\t\t\t\t\t\t\t\t\t<img fetchpriority=\"high\" decoding=\"async\" width=\"232\" height=\"300\" src=\"https:\/\/www.lacasauruguaya.com\/wp-content\/uploads\/2026\/04\/2026-Logotipo-Vertical-LaCasaUruguaya-232x300.png\" class=\"attachment-medium size-medium wp-image-3411\" alt=\"\" srcset=\"https:\/\/www.lacasauruguaya.com\/wp-content\/uploads\/2026\/04\/2026-Logotipo-Vertical-LaCasaUruguaya-232x300.png 232w, https:\/\/www.lacasauruguaya.com\/wp-content\/uploads\/2026\/04\/2026-Logotipo-Vertical-LaCasaUruguaya-791x1024.png 791w, https:\/\/www.lacasauruguaya.com\/wp-content\/uploads\/2026\/04\/2026-Logotipo-Vertical-LaCasaUruguaya-768x995.png 768w, https:\/\/www.lacasauruguaya.com\/wp-content\/uploads\/2026\/04\/2026-Logotipo-Vertical-LaCasaUruguaya-1186x1536.png 1186w, https:\/\/www.lacasauruguaya.com\/wp-content\/uploads\/2026\/04\/2026-Logotipo-Vertical-LaCasaUruguaya-9x12.png 9w, https:\/\/www.lacasauruguaya.com\/wp-content\/uploads\/2026\/04\/2026-Logotipo-Vertical-LaCasaUruguaya.png 1268w\" sizes=\"(max-width: 232px) 100vw, 232px\" \/>\t\t\t\t\t\t\t\t\t\t\t\t\t\t\t<\/div>\n\t\t\t\t<\/div>\n\t\t\t\t\t<\/div>\n\t\t<\/div>\n\t\t\t\t\t<\/div>\n\t\t<\/section>\n\t\t\t\t<section class=\"elementor-section elementor-top-section elementor-element elementor-element-6b18339 elementor-section-boxed elementor-section-height-default elementor-section-height-default\" data-id=\"6b18339\" data-element_type=\"section\" data-e-type=\"section\">\n\t\t\t\t\t\t<div class=\"elementor-container elementor-column-gap-default\">\n\t\t\t\t\t<div class=\"elementor-column elementor-col-100 elementor-top-column elementor-element elementor-element-6f3e64a\" data-id=\"6f3e64a\" data-element_type=\"column\" data-e-type=\"column\">\n\t\t\t<div class=\"elementor-widget-wrap elementor-element-populated\">\n\t\t\t\t\t\t<div class=\"elementor-element elementor-element-9c8701f elementor-widget__width-initial elementor-widget elementor-widget-heading\" data-id=\"9c8701f\" data-element_type=\"widget\" data-e-type=\"widget\" data-widget_type=\"heading.default\">\n\t\t\t\t<div class=\"elementor-widget-container\">\n\t\t\t\t\t<h2 class=\"elementor-heading-title elementor-size-default\">De la idea, al precio<\/h2>\t\t\t\t<\/div>\n\t\t\t\t<\/div>\n\t\t\t\t\t<\/div>\n\t\t<\/div>\n\t\t\t\t\t<\/div>\n\t\t<\/section>\n\t\t\t\t<section class=\"elementor-section elementor-top-section elementor-element elementor-element-17644f8 elementor-section-boxed elementor-section-height-default elementor-section-height-default\" data-id=\"17644f8\" data-element_type=\"section\" data-e-type=\"section\">\n\t\t\t\t\t\t<div class=\"elementor-container elementor-column-gap-default\">\n\t\t\t\t\t<div class=\"elementor-column elementor-col-100 elementor-top-column elementor-element elementor-element-4f1b171\" data-id=\"4f1b171\" data-element_type=\"column\" data-e-type=\"column\">\n\t\t\t<div class=\"elementor-widget-wrap elementor-element-populated\">\n\t\t\t\t\t\t<div class=\"elementor-element elementor-element-5b65d47 elementor-widget elementor-widget-text-editor\" data-id=\"5b65d47\" data-element_type=\"widget\" data-e-type=\"widget\" data-widget_type=\"text-editor.default\">\n\t\t\t\t<div class=\"elementor-widget-container\">\n\t\t\t\t\t\t\t\t\t<p style=\"text-align: center;\">Contanos tu proyecto y te damos una estimaci\u00f3n real de inversi\u00f3n.<br data-start=\"484\" data-end=\"487\" \/>Dise\u00f1amos, fabricamos y montamos viviendas prefabricadas en madera.<\/p>\t\t\t\t\t\t\t\t<\/div>\n\t\t\t\t<\/div>\n\t\t\t\t\t<\/div>\n\t\t<\/div>\n\t\t\t\t\t<\/div>\n\t\t<\/section>\n\t\t\t\t<section class=\"elementor-section elementor-top-section elementor-element elementor-element-f3b64d2 elementor-section-boxed elementor-section-height-default elementor-section-height-default\" data-id=\"f3b64d2\" data-element_type=\"section\" data-e-type=\"section\">\n\t\t\t\t\t\t<div class=\"elementor-container elementor-column-gap-default\">\n\t\t\t\t\t<div class=\"elementor-column elementor-col-100 elementor-top-column elementor-element elementor-element-002d0ad\" data-id=\"002d0ad\" data-element_type=\"column\" data-e-type=\"column\">\n\t\t\t<div class=\"elementor-widget-wrap elementor-element-populated\">\n\t\t\t\t\t\t<div class=\"elementor-element elementor-element-b38fd52 elementor-widget__width-initial elementor-widget elementor-widget-wpforms\" data-id=\"b38fd52\" data-element_type=\"widget\" data-e-type=\"widget\" data-widget_type=\"wpforms.default\">\n\t\t\t\t<div class=\"elementor-widget-container\">\n\t\t\t\t\t<div class=\"wpforms-container wpforms-container-full wpforms-block wpforms-block-1d233893-6546-4105-b74c-55202f60de69 wpforms-render-modern\" id=\"wpforms-3403\"><form id=\"wpforms-form-3403\" class=\"wpforms-validate wpforms-form\" data-formid=\"3403\" method=\"post\" enctype=\"multipart\/form-data\" action=\"\/en\/wp-json\/wp\/v2\/pages\/3407\" data-token=\"04c934f77d77da5fd623a2d646b8dbb7\" data-token-time=\"1776298917\"><noscript class=\"wpforms-error-noscript\">Please enable JavaScript in your browser to complete this form.<\/noscript><div id=\"wpforms-error-noscript\" style=\"display: none;\">Please enable JavaScript in your browser to complete this form.<\/div><div class=\"wpforms-field-container\"><div id=\"wpforms-3403-field_3-container\" class=\"wpforms-field wpforms-field-text\" data-field-id=\"3\"><label class=\"wpforms-field-label\" for=\"wpforms-3403-field_3\">Nombre y Apellido <span class=\"wpforms-required-label\" aria-hidden=\"true\">*<\/span><\/label><input type=\"text\" id=\"wpforms-3403-field_3\" class=\"wpforms-field-medium wpforms-field-required\" name=\"wpforms[fields][3]\" aria-errormessage=\"wpforms-3403-field_3-error\" required><\/div><div id=\"wpforms-3403-field_4-container\" class=\"wpforms-field wpforms-field-text\" data-field-id=\"4\"><label class=\"wpforms-field-label\" for=\"wpforms-3403-field_4\">Telefono de contacto <span class=\"wpforms-required-label\" aria-hidden=\"true\">*<\/span><\/label><input type=\"text\" id=\"wpforms-3403-field_4\" class=\"wpforms-field-medium wpforms-field-required\" name=\"wpforms[fields][4]\" aria-errormessage=\"wpforms-3403-field_4-error\" required><\/div><div id=\"wpforms-3403-field_5-container\" class=\"wpforms-field wpforms-field-email\" data-field-id=\"5\"><label class=\"wpforms-field-label\" for=\"wpforms-3403-field_5\">Correo electr\u00f3nico <span class=\"wpforms-required-label\" aria-hidden=\"true\">*<\/span><\/label><input type=\"email\" id=\"wpforms-3403-field_5\" class=\"wpforms-field-medium wpforms-field-required\" name=\"wpforms[fields][5]\" spellcheck=\"false\" aria-errormessage=\"wpforms-3403-field_5-error\" required><\/div><div id=\"wpforms-3403-field_6-container\" class=\"wpforms-field wpforms-field-radio\" data-field-id=\"6\"><fieldset><legend class=\"wpforms-field-label\">Sobre el proyecto, \u00bften\u00e9s un terreno o  propiedad? <span class=\"wpforms-required-label\" aria-hidden=\"true\">*<\/span><\/legend><ul id=\"wpforms-3403-field_6\" class=\"wpforms-field-required\"><li class=\"choice-1 depth-1\"><input type=\"radio\" id=\"wpforms-3403-field_6_1\" name=\"wpforms[fields][6]\" value=\"Tengo terreno\" aria-errormessage=\"wpforms-3403-field_6_1-error\" required ><label class=\"wpforms-field-label-inline\" for=\"wpforms-3403-field_6_1\">Tengo terreno<\/label><\/li><li class=\"choice-2 depth-1\"><input type=\"radio\" id=\"wpforms-3403-field_6_2\" name=\"wpforms[fields][6]\" value=\"Tengo una propiedad para reciclar\" aria-errormessage=\"wpforms-3403-field_6_2-error\" required ><label class=\"wpforms-field-label-inline\" for=\"wpforms-3403-field_6_2\">Tengo una propiedad para reciclar<\/label><\/li><li class=\"choice-3 depth-1\"><input type=\"radio\" id=\"wpforms-3403-field_6_3\" name=\"wpforms[fields][6]\" value=\"Estoy buscando terreno\" aria-errormessage=\"wpforms-3403-field_6_3-error\" required ><label class=\"wpforms-field-label-inline\" for=\"wpforms-3403-field_6_3\">Estoy buscando terreno<\/label><\/li><\/ul><\/fieldset><\/div><div id=\"wpforms-3403-field_7-container\" class=\"wpforms-field wpforms-field-radio\" data-field-id=\"7\"><fieldset><legend class=\"wpforms-field-label\">2- \u00bfQu\u00e9 programa arquitect\u00f3nico busc\u00e1s?<\/legend><ul id=\"wpforms-3403-field_7\"><li class=\"choice-1 depth-1\"><input type=\"radio\" id=\"wpforms-3403-field_7_1\" name=\"wpforms[fields][7]\" value=\"Casa\" aria-errormessage=\"wpforms-3403-field_7_1-error\"  ><label class=\"wpforms-field-label-inline\" for=\"wpforms-3403-field_7_1\">Casa<\/label><\/li><li class=\"choice-2 depth-1\"><input type=\"radio\" id=\"wpforms-3403-field_7_2\" name=\"wpforms[fields][7]\" value=\"Estudio\/Oficinas\" aria-errormessage=\"wpforms-3403-field_7_2-error\"  ><label class=\"wpforms-field-label-inline\" for=\"wpforms-3403-field_7_2\">Estudio\/Oficinas<\/label><\/li><li class=\"choice-3 depth-1\"><input type=\"radio\" id=\"wpforms-3403-field_7_3\" name=\"wpforms[fields][7]\" value=\"Empresa\/Industria\" aria-errormessage=\"wpforms-3403-field_7_3-error\"  ><label class=\"wpforms-field-label-inline\" for=\"wpforms-3403-field_7_3\">Empresa\/Industria<\/label><\/li><li class=\"choice-4 depth-1\"><input type=\"radio\" id=\"wpforms-3403-field_7_4\" name=\"wpforms[fields][7]\" value=\"Otro\" aria-errormessage=\"wpforms-3403-field_7_4-error\"  ><label class=\"wpforms-field-label-inline\" for=\"wpforms-3403-field_7_4\">Otro<\/label><\/li><\/ul><\/fieldset><\/div><div id=\"wpforms-3403-field_28-container\" class=\"wpforms-field wpforms-field-select wpforms-field-select-style-classic\" data-field-id=\"28\"><label class=\"wpforms-field-label\" for=\"wpforms-3403-field_28\">3- \u00bfCu\u00e1ntos dormitorios? (o habitaciones en caso de no ser vivienda)<\/label><select id=\"wpforms-3403-field_28\" class=\"wpforms-field-medium\" name=\"wpforms[fields][28]\"><option value=\"Monoambiente\"  class=\"choice-1 depth-1\"  >Monoambiente<\/option><option value=\"1 Dormitorio\"  class=\"choice-2 depth-1\"  >1 Dormitorio<\/option><option value=\"2 Dormitorios\"  class=\"choice-3 depth-1\"  >2 Dormitorios<\/option><option value=\"3 Dormitorios\"  class=\"choice-4 depth-1\"  >3 Dormitorios<\/option><option value=\"4 Dormitorios\"  class=\"choice-5 depth-1\"  >4 Dormitorios<\/option><option value=\"5 o mas\"  class=\"choice-6 depth-1\"  >5 o mas<\/option><\/select><\/div><div id=\"wpforms-3403-field_22-container\" class=\"wpforms-field wpforms-field-checkbox\" data-field-id=\"22\"><fieldset><legend class=\"wpforms-field-label\">4- Qu\u00e9 inversi\u00f3n tenes planeado hacer<\/legend><ul id=\"wpforms-3403-field_22\"><li class=\"choice-1 depth-1\"><input type=\"checkbox\" id=\"wpforms-3403-field_22_1\" name=\"wpforms[fields][22][]\" value=\"Hasta USD 80.000\" aria-errormessage=\"wpforms-3403-field_22_1-error\"  ><label class=\"wpforms-field-label-inline\" for=\"wpforms-3403-field_22_1\">Hasta USD 80.000<\/label><\/li><li class=\"choice-2 depth-1\"><input type=\"checkbox\" id=\"wpforms-3403-field_22_2\" name=\"wpforms[fields][22][]\" value=\"USD 80.000 \u2014 120.000\" aria-errormessage=\"wpforms-3403-field_22_2-error\"  ><label class=\"wpforms-field-label-inline\" for=\"wpforms-3403-field_22_2\">USD 80.000 \u2014 120.000<\/label><\/li><li class=\"choice-3 depth-1\"><input type=\"checkbox\" id=\"wpforms-3403-field_22_3\" name=\"wpforms[fields][22][]\" value=\"USD 120.000 \u2014 180.000\" aria-errormessage=\"wpforms-3403-field_22_3-error\"  ><label class=\"wpforms-field-label-inline\" for=\"wpforms-3403-field_22_3\">USD 120.000 \u2014 180.000<\/label><\/li><li class=\"choice-4 depth-1\"><input type=\"checkbox\" id=\"wpforms-3403-field_22_4\" name=\"wpforms[fields][22][]\" value=\"M\u00e1s de USD 180.000\" aria-errormessage=\"wpforms-3403-field_22_4-error\"  ><label class=\"wpforms-field-label-inline\" for=\"wpforms-3403-field_22_4\">M\u00e1s de USD 180.000<\/label><\/li><li class=\"choice-5 depth-1\"><input type=\"checkbox\" id=\"wpforms-3403-field_22_5\" name=\"wpforms[fields][22][]\" value=\"Me gustar\u00eda discutirlo\" aria-errormessage=\"wpforms-3403-field_22_5-error\"  ><label class=\"wpforms-field-label-inline\" for=\"wpforms-3403-field_22_5\">Me gustar\u00eda discutirlo<\/label><\/li><\/ul><\/fieldset><\/div><div id=\"wpforms-3403-field_21-container\" class=\"wpforms-field wpforms-field-radio\" data-field-id=\"21\"><fieldset><legend class=\"wpforms-field-label\">5- \u00bfCu\u00e1ndo te gustar\u00eda empezar? <span class=\"wpforms-required-label\" aria-hidden=\"true\">*<\/span><\/legend><ul id=\"wpforms-3403-field_21\" class=\"wpforms-field-required\"><li class=\"choice-1 depth-1\"><input type=\"radio\" id=\"wpforms-3403-field_21_1\" name=\"wpforms[fields][21]\" value=\"Lo antes posible\" aria-errormessage=\"wpforms-3403-field_21_1-error\" required ><label class=\"wpforms-field-label-inline\" for=\"wpforms-3403-field_21_1\">Lo antes posible<\/label><\/li><li class=\"choice-2 depth-1\"><input type=\"radio\" id=\"wpforms-3403-field_21_2\" name=\"wpforms[fields][21]\" value=\"Entre 6 y 12 meses\" aria-errormessage=\"wpforms-3403-field_21_2-error\" required ><label class=\"wpforms-field-label-inline\" for=\"wpforms-3403-field_21_2\">Entre 6 y 12 meses<\/label><\/li><li class=\"choice-3 depth-1\"><input type=\"radio\" id=\"wpforms-3403-field_21_3\" name=\"wpforms[fields][21]\" value=\"Entre 12 y 18 meses\" aria-errormessage=\"wpforms-3403-field_21_3-error\" required ><label class=\"wpforms-field-label-inline\" for=\"wpforms-3403-field_21_3\">Entre 12 y 18 meses<\/label><\/li><li class=\"choice-4 depth-1\"><input type=\"radio\" id=\"wpforms-3403-field_21_4\" name=\"wpforms[fields][21]\" value=\"No lo s\u00e9, estoy evaluando\" aria-errormessage=\"wpforms-3403-field_21_4-error\" required ><label class=\"wpforms-field-label-inline\" for=\"wpforms-3403-field_21_4\">No lo s\u00e9, estoy evaluando<\/label><\/li><\/ul><\/fieldset><\/div>\t\t<div id=\"wpforms-3403-field_1-container\"\n\t\t\tclass=\"wpforms-field wpforms-field-text\"\n\t\t\tdata-field-type=\"text\"\n\t\t\tdata-field-id=\"1\"\n\t\t\t>\n\t\t\t<label class=\"wpforms-field-label\" for=\"wpforms-3403-field_1\" >Nombre tenes en<\/label>\n\t\t\t<input type=\"text\" id=\"wpforms-3403-field_1\" class=\"wpforms-field-medium\" name=\"wpforms[fields][1]\" >\n\t\t<\/div>\n\t\t<div id=\"wpforms-3403-field_25-container\" class=\"wpforms-field wpforms-field-textarea\" data-field-id=\"25\"><label class=\"wpforms-field-label\" for=\"wpforms-3403-field_25\">6- \u00bfTe anim\u00e1s a escribir c\u00f3mo te imagin\u00e1s la casa de tus sue\u00f1os? \u00a1Vale pedir ayuda!<\/label><textarea id=\"wpforms-3403-field_25\" class=\"wpforms-field-medium\" name=\"wpforms[fields][25]\" aria-errormessage=\"wpforms-3403-field_25-error\" ><\/textarea><\/div><script>\n\t\t\t\t( function() {\n\t\t\t\t\tconst style = document.createElement( 'style' );\n\t\t\t\t\tstyle.appendChild( document.createTextNode( '#wpforms-3403-field_1-container { position: absolute !important; overflow: hidden !important; display: inline !important; height: 1px !important; width: 1px !important; z-index: -1000 !important; padding: 0 !important; } #wpforms-3403-field_1-container input { visibility: hidden; } #wpforms-conversational-form-page #wpforms-3403-field_1-container label { counter-increment: none; }' ) );\n\t\t\t\t\tdocument.head.appendChild( style );\n\t\t\t\t\tdocument.currentScript?.remove();\n\t\t\t\t} )();\n\t\t\t<\/script><\/div><!-- .wpforms-field-container --><div class=\"wpforms-submit-container\" ><input type=\"hidden\" name=\"wpforms[id]\" value=\"3403\"><input type=\"hidden\" name=\"page_title\" value=\"\"><input type=\"hidden\" name=\"page_url\" value=\"https:\/\/www.lacasauruguaya.com\/en\/wp-json\/wp\/v2\/pages\/3407\"><input type=\"hidden\" name=\"url_referer\" value=\"\"><button type=\"submit\" name=\"wpforms[submit]\" id=\"wpforms-submit-3403\" class=\"wpforms-submit\" data-alt-text=\"Enviando...\" data-submit-text=\"Enviar\" aria-live=\"assertive\" value=\"wpforms-submit\">Enviar<\/button><\/div><\/form><\/div>  <!-- .wpforms-container -->\t\t\t\t<\/div>\n\t\t\t\t<\/div>\n\t\t\t\t\t<\/div>\n\t\t<\/div>\n\t\t\t\t\t<\/div>\n\t\t<\/section>\n\t\t\t\t<\/div>\n\t\t","protected":false},"excerpt":{"rendered":"<p>De la idea, al precio Contanos tu proyecto y te damos una estimaci\u00f3n real de inversi\u00f3n.Dise\u00f1amos, fabricamos y montamos viviendas prefabricadas en madera. Por favor, activa JavaScript en tu navegador para completar este formulario.Por favor, activa JavaScript en tu navegador para completar este formulario.Nombre y Apellido *Telefono de contacto *Correo electr\u00f3nico * Sobre el proyecto, &hellip;<\/p>\n<p class=\"read-more\"> <a class=\"\" href=\"https:\/\/www.lacasauruguaya.com\/en\/tu-casa\/\"> <span class=\"screen-reader-text\">Tu casa<\/span> Read More &raquo;<\/a><\/p>","protected":false},"author":1,"featured_media":0,"parent":0,"menu_order":0,"comment_status":"closed","ping_status":"closed","template":"","meta":{"footnotes":""},"class_list":["post-3407","page","type-page","status-publish","hentry"],"_links":{"self":[{"href":"https:\/\/www.lacasauruguaya.com\/en\/wp-json\/wp\/v2\/pages\/3407","targetHints":{"allow":["GET"]}}],"collection":[{"href":"https:\/\/www.lacasauruguaya.com\/en\/wp-json\/wp\/v2\/pages"}],"about":[{"href":"https:\/\/www.lacasauruguaya.com\/en\/wp-json\/wp\/v2\/types\/page"}],"author":[{"embeddable":true,"href":"https:\/\/www.lacasauruguaya.com\/en\/wp-json\/wp\/v2\/users\/1"}],"replies":[{"embeddable":true,"href":"https:\/\/www.lacasauruguaya.com\/en\/wp-json\/wp\/v2\/comments?post=3407"}],"version-history":[{"count":28,"href":"https:\/\/www.lacasauruguaya.com\/en\/wp-json\/wp\/v2\/pages\/3407\/revisions"}],"predecessor-version":[{"id":3447,"href":"https:\/\/www.lacasauruguaya.com\/en\/wp-json\/wp\/v2\/pages\/3407\/revisions\/3447"}],"wp:attachment":[{"href":"https:\/\/www.lacasauruguaya.com\/en\/wp-json\/wp\/v2\/media?parent=3407"}],"curies":[{"name":"wp","href":"https:\/\/api.w.org\/{rel}","templated":true}]}}